{"id":1001167,"date":"2025-03-18T04:20:28","date_gmt":"2025-03-18T04:20:28","guid":{"rendered":"https:\/\/shop.qbiohacking.com\/liste-de-souhaits-2\/"},"modified":"2026-05-04T11:12:03","modified_gmt":"2026-05-04T11:12:03","slug":"liste-de-souhaits-2","status":"publish","type":"page","link":"https:\/\/shop.qbiohacking.com\/fr\/liste-de-souhaits-2\/","title":{"rendered":"Liste de souhaits"},"content":{"rendered":"\t\t<div data-elementor-type=\"wp-page\" data-elementor-id=\"1001167\" class=\"elementor elementor-1001167 elementor-1690\">\n\t\t\t\t<div class=\"elementor-element elementor-element-9ee7f80 e-flex e-con-boxed glozin-responsive-column glozin-tablet-column--default glozin-responsive-column glozin-mobile-column--default glozin-responsive-column glozin-motion--var(--position) e-con e-parent\" data-id=\"9ee7f80\" data-element_type=\"container\" data-e-type=\"container\">\n\t\t\t\t\t<div class=\"e-con-inner\">\n\t\t\t\t<div class=\"elementor-element elementor-element-c156f29 elementor-widget elementor-widget-shortcode\" data-id=\"c156f29\" data-element_type=\"widget\" data-e-type=\"widget\" data-widget_type=\"shortcode.default\">\n\t\t\t\t\t\t\t<div class=\"elementor-shortcode\"><div class=\"woocommerce wocommerce-wishlist wcboost-wishlist\">\n<div class=\"wishlist-empty\">\n\t\n\t<div class=\"woocommerce-info\" role=\"status\">\n\t\tThe wishlist is empty.\t<\/div>\n<\/div>\n\n\t<p class=\"return-to-shop\">\n\t\t<a href=\"https:\/\/shop.qbiohacking.com\/fr\/\" class=\"button wc-backward\">Return to shop<\/a>\t<\/p>\n\n<\/div><\/div>\n\t\t\t\t\t\t<\/div>\n\t\t\t\t\t<\/div>\n\t\t\t\t<\/div>\n\t\t<div class=\"elementor-element elementor-element-8b52f34 e-flex e-con-boxed glozin-responsive-column glozin-tablet-column--default glozin-responsive-column glozin-mobile-column--default glozin-responsive-column glozin-motion--var(--position) e-con e-parent\" data-id=\"8b52f34\" data-element_type=\"container\" data-e-type=\"container\">\n\t\t\t\t\t<div class=\"e-con-inner\">\n\t\t\t\t<div class=\"elementor-element elementor-element-40fc356 elementor-widget elementor-widget-glozin-heading\" data-id=\"40fc356\" data-element_type=\"widget\" data-e-type=\"widget\" data-widget_type=\"glozin-heading.default\">\n\t\t\t\t<div class=\"elementor-widget-container\">\n\t\t\t\t\t\t\t<div class=\"glozin-heading-elementor\">\n\t\t\t\t<h2 class=\"glozin-heading d-flex align-items-center my-0 glozin-heading--default\">\n\t\t\t\t\tR\u00e9cemment consult\u00e9s \t\t\t\t<\/h2>\n\t\t\t<\/div>\n\t\t\t\t\t\t<\/div>\n\t\t\t\t<\/div>\n\t\t\t\t<div class=\"elementor-element elementor-element-3b3c931 elementor-widget elementor-widget-glozin-heading\" data-id=\"3b3c931\" data-element_type=\"widget\" data-e-type=\"widget\" data-widget_type=\"glozin-heading.default\">\n\t\t\t\t<div class=\"elementor-widget-container\">\n\t\t\t\t\t\t\t<div class=\"glozin-heading-elementor\">\n\t\t\t\t<span class=\"glozin-heading d-flex align-items-center my-0 glozin-heading--default\">\n\t\t\t\t\tD\u00e9couvrez vos articles r\u00e9cemment consult\u00e9s, alliant qualit\u00e9 et style pour une exp\u00e9rience de vie raffin\u00e9e.\n\t\t\t\t<\/span>\n\t\t\t<\/div>\n\t\t\t\t\t\t<\/div>\n\t\t\t\t<\/div>\n\t\t\t\t\t<\/div>\n\t\t\t\t<\/div>\n\t\t<div class=\"elementor-element elementor-element-8202c09 e-flex e-con-boxed glozin-responsive-column glozin-tablet-column--default glozin-responsive-column glozin-mobile-column--default glozin-responsive-column glozin-motion--var(--position) e-con e-parent\" data-id=\"8202c09\" data-element_type=\"container\" data-e-type=\"container\">\n\t\t\t\t\t<div class=\"e-con-inner\">\n\t\t\t\t<div class=\"elementor-element elementor-element-1d07403 navigation-class-arrows elementor-widget elementor-widget-glozin-product-recently-viewed-carousel\" data-id=\"1d07403\" data-element_type=\"widget\" data-e-type=\"widget\" data-settings=\"{&quot;slides_to_show&quot;:4,&quot;slides_to_scroll&quot;:1,&quot;image_spacing_custom&quot;:30,&quot;navigation&quot;:&quot;both&quot;,&quot;speed&quot;:800}\" data-widget_type=\"glozin-product-recently-viewed-carousel.default\">\n\t\t\t\t<div class=\"elementor-widget-container\">\n\t\t\t\t\t\t\t<div class=\"recently-viewed-products__elementor woocommerce\">\n\t\t\t\t\t\t\t\t\t\t\t<section class=\"swiper product-swiper--elementor recently-viewed-products recently-viewed-products--elementor \" data-desktop=\"4\" data-tablet=\"3\" data-mobile=\"2\" data-settings=\"{&quot;limit&quot;:5,&quot;columns&quot;:4}\">\n\t\t\t\t\t<ul class=\"products columns-4\">\n<li class=\"product type-product post-1000870 status-publish first instock product_cat-accessoires-q has-post-thumbnail sale shipping-taxable purchasable product-type-simple\">\n\t<a href=\"https:\/\/shop.qbiohacking.com\/fr\/produit\/ecarteurs-dorteils-buddy-hackr-espaceurs-dorteils-en-silicone-pour-restaurer-lalignement-naturel-du-pied\/\" class=\"woocommerce-LoopProduct-link woocommerce-loop-product__link\"><img fetchpriority=\"high\" decoding=\"async\" width=\"600\" height=\"600\" src=\"https:\/\/shop.qbiohacking.com\/wp-content\/uploads\/2026\/03\/1-primary.jpg\" class=\"attachment-woocommerce_thumbnail size-woocommerce_thumbnail\" alt=\"\u00c9carteurs d&#039;orteils Buddy Hackr \u2014 Espaceurs d&#039;orteils en silicone pour restaurer l&#039;alignement naturel du pied\" srcset=\"https:\/\/shop.qbiohacking.com\/wp-content\/uploads\/2026\/03\/1-primary.jpg 1350w, https:\/\/shop.qbiohacking.com\/wp-content\/uploads\/2026\/03\/1-primary-130x130.jpg 130w\" sizes=\"(max-width: 600px) 100vw, 600px\" \/><h2 class=\"woocommerce-loop-product__title\">\u00c9carteurs d&rsquo;orteils Buddy Hackr \u2014 Espaceurs d&rsquo;orteils en silicone pour restaurer l&rsquo;alignement naturel du pied<\/h2><div class=\"star-rating\" role=\"img\">\n\t\t\t\t\t\t\t\t\t<span class=\"max-rating rating-stars\">\n\t\t\t\t\t\t\t\t\t\t<span class=\"glozin-svg-icon glozin-svg-icon__inline glozin-svg-icon--star \"><svg width=\"24\" height=\"24\" aria-hidden=\"true\" role=\"img\" focusable=\"false\" > <use href=\"#star\" xlink:href=\"#star\"><\/use> <\/svg><\/span>\n\t\t\t\t\t\t\t\t\t\t<span class=\"glozin-svg-icon glozin-svg-icon__inline glozin-svg-icon--star \"><svg width=\"24\" height=\"24\" aria-hidden=\"true\" role=\"img\" focusable=\"false\" > <use href=\"#star\" xlink:href=\"#star\"><\/use> <\/svg><\/span>\n\t\t\t\t\t\t\t\t\t\t<span class=\"glozin-svg-icon glozin-svg-icon__inline glozin-svg-icon--star \"><svg width=\"24\" height=\"24\" aria-hidden=\"true\" role=\"img\" focusable=\"false\" > <use href=\"#star\" xlink:href=\"#star\"><\/use> <\/svg><\/span>\n\t\t\t\t\t\t\t\t\t\t<span class=\"glozin-svg-icon glozin-svg-icon__inline glozin-svg-icon--star \"><svg width=\"24\" height=\"24\" aria-hidden=\"true\" role=\"img\" focusable=\"false\" > <use href=\"#star\" xlink:href=\"#star\"><\/use> <\/svg><\/span>\n\t\t\t\t\t\t\t\t\t\t<span class=\"glozin-svg-icon glozin-svg-icon__inline glozin-svg-icon--star \"><svg width=\"24\" height=\"24\" aria-hidden=\"true\" role=\"img\" focusable=\"false\" > <use href=\"#star\" xlink:href=\"#star\"><\/use> <\/svg><\/span>\n\t\t\t\t\t\t\t\t\t<\/span>\n\t\t\t\t\t\t\t\t<\/div>\n\t<span class=\"price\"><del aria-hidden=\"true\"><span class=\"woocommerce-Price-amount amount\"><bdi><span class=\"woocommerce-Price-currencySymbol\">&euro;<\/span>19.00<\/bdi><\/span><\/del> <span class=\"screen-reader-text\">Le prix initial \u00e9tait\u00a0: &euro;19.00.<\/span><ins aria-hidden=\"true\"><span class=\"woocommerce-Price-amount amount\"><bdi><span class=\"woocommerce-Price-currencySymbol\">&euro;<\/span>9.90<\/bdi><\/span><\/ins><span class=\"screen-reader-text\">Le prix actuel est\u00a0: &euro;9.90.<\/span><\/span>\n<\/a><a href=\"\/fr\/wp-json\/wp\/v2\/pages\/1001167?add-to-cart=1000870\" data-quantity=\"1\" class=\"button product_type_simple add_to_cart_button ajax_add_to_cart\" data-product_id=\"1000870\" data-product_sku=\"\" aria-label=\"Ajouter au panier\u00a0: &ldquo;\u00c9carteurs d&#039;orteils Buddy Hackr \u2014 Espaceurs d&#039;orteils en silicone pour restaurer l&#039;alignement naturel du pied&rdquo;\" rel=\"nofollow\" data-success_message=\"\u00ab\u00a0\u00c9carteurs d&#039;orteils Buddy Hackr \u2014 Espaceurs d&#039;orteils en silicone pour restaurer l&#039;alignement naturel du pied\u00a0\u00bb a \u00e9t\u00e9 ajout\u00e9 \u00e0 votre panier\" role=\"button\">Ajouter au panier<\/a><a href=\"\/fr\/wp-json\/wp\/v2\/pages\/1001167?add-to-cart=1000870\" data-quantity=\"1\" class=\"button product_type_simple add_to_cart_button ajax_add_to_cart\" data-product_id=\"1000870\" data-product_sku=\"\" aria-label=\"Ajouter au panier\u00a0: &ldquo;\u00c9carteurs d&#039;orteils Buddy Hackr \u2014 Espaceurs d&#039;orteils en silicone pour restaurer l&#039;alignement naturel du pied&rdquo;\" rel=\"nofollow\" data-success_message=\"\u00ab\u00a0\u00c9carteurs d&#039;orteils Buddy Hackr \u2014 Espaceurs d&#039;orteils en silicone pour restaurer l&#039;alignement naturel du pied\u00a0\u00bb a \u00e9t\u00e9 ajout\u00e9 \u00e0 votre panier\" role=\"button\">Ajouter au panier<\/a><\/li>\n<\/ul>\n<span class=\"glozin-svg-icon glozin-svg-icon--left-mini elementor-swiper-button-prev swiper-button-prev swiper-button\" ><svg aria-hidden=\"true\" role=\"img\" focusable=\"false\" width=\"7\" height=\"11\" viewBox=\"0 0 7 11\" fill=\"currentColor\" xmlns=\"http:\/\/www.w3.org\/2000\/svg\"><path d=\"M5.5 11L0 5.5L5.5 0L6.47625 0.97625L1.9525 5.5L6.47625 10.0238L5.5 11Z\" fill=\"currentColor\"\/><\/svg><\/span><span class=\"glozin-svg-icon glozin-svg-icon--right-mini elementor-swiper-button-next swiper-button-next swiper-button\" ><svg aria-hidden=\"true\" role=\"img\" focusable=\"false\" width=\"7\" height=\"11\" viewBox=\"0 0 7 11\" fill=\"currentColor\" xmlns=\"http:\/\/www.w3.org\/2000\/svg\"><path d=\"M1.5 11L7 5.5L1.5 0L0.52375 0.97625L5.0475 5.5L0.52375 10.0238L1.5 11Z\" fill=\"currentColor\"\/><\/svg><\/span><div class=\"swiper-pagination \"><\/div>\t\t\t\t<\/section>\n\t\t\t\t\t<\/div>\n\t\t\t\t\t\t<\/div>\n\t\t\t\t<\/div>\n\t\t\t\t\t<\/div>\n\t\t\t\t<\/div>\n\t\t\t\t<\/div>\n\t\t","protected":false},"excerpt":{"rendered":"<p>R\u00e9cemment consult\u00e9s D\u00e9couvrez vos articles r\u00e9cemment consult\u00e9s, alliant qualit\u00e9 et style pour une exp\u00e9rience de vie raffin\u00e9e. Q-Go\u2122 \u2014 High-Tech Anti-EMF Insoles | Posture, Stability &#038; Performance Rated 5.00 out of 5 &euro;580.00 Original price was: &euro;580.00.&euro;329.00Current price is: &euro;329.00. Select optionsSelect options Q-Bigfoot Kit \u2014 Clinical Floor Insoles for Perfect Posture Testing &euro;900.00 Original [&hellip;]<\/p>\n","protected":false},"author":1,"featured_media":0,"parent":0,"menu_order":0,"comment_status":"closed","ping_status":"closed","template":"","meta":{"footnotes":""},"class_list":["post-1001167","page","type-page","status-publish","hentry"],"_hostinger_reach_plugin_has_subscription_block":false,"_hostinger_reach_plugin_is_elementor":false,"_links":{"self":[{"href":"https:\/\/shop.qbiohacking.com\/fr\/wp-json\/wp\/v2\/pages\/1001167","targetHints":{"allow":["GET"]}}],"collection":[{"href":"https:\/\/shop.qbiohacking.com\/fr\/wp-json\/wp\/v2\/pages"}],"about":[{"href":"https:\/\/shop.qbiohacking.com\/fr\/wp-json\/wp\/v2\/types\/page"}],"author":[{"embeddable":true,"href":"https:\/\/shop.qbiohacking.com\/fr\/wp-json\/wp\/v2\/users\/1"}],"replies":[{"embeddable":true,"href":"https:\/\/shop.qbiohacking.com\/fr\/wp-json\/wp\/v2\/comments?post=1001167"}],"version-history":[{"count":1,"href":"https:\/\/shop.qbiohacking.com\/fr\/wp-json\/wp\/v2\/pages\/1001167\/revisions"}],"predecessor-version":[{"id":1001168,"href":"https:\/\/shop.qbiohacking.com\/fr\/wp-json\/wp\/v2\/pages\/1001167\/revisions\/1001168"}],"wp:attachment":[{"href":"https:\/\/shop.qbiohacking.com\/fr\/wp-json\/wp\/v2\/media?parent=1001167"}],"curies":[{"name":"wp","href":"https:\/\/api.w.org\/{rel}","templated":true}]}}