{"id":1001044,"date":"2025-04-17T11:06:36","date_gmt":"2025-04-17T11:06:36","guid":{"rendered":"https:\/\/shop.qbiohacking.com\/politique-de-confidentialite\/"},"modified":"2026-05-04T10:49:46","modified_gmt":"2026-05-04T10:49:46","slug":"politique-de-confidentialite","status":"publish","type":"page","link":"https:\/\/shop.qbiohacking.com\/fr\/politique-de-confidentialite\/","title":{"rendered":"Politique de confidentialit\u00e9"},"content":{"rendered":"\t\t<div data-elementor-type=\"wp-page\" data-elementor-id=\"1001044\" class=\"elementor elementor-1001044 elementor-2\">\n\t\t\t\t<div class=\"elementor-element elementor-element-5c5912b3 e-flex e-con-boxed glozin-responsive-column glozin-tablet-column--default glozin-responsive-column glozin-mobile-column--default glozin-responsive-column glozin-motion--var(--position) e-con e-parent\" data-id=\"5c5912b3\" data-element_type=\"container\" data-e-type=\"container\">\n\t\t\t\t\t<div class=\"e-con-inner\">\n\t\t<div class=\"elementor-element elementor-element-5b1d7080 e-con-full e-flex glozin-responsive-column glozin-tablet-column--default glozin-responsive-column glozin-mobile-column--default glozin-responsive-column glozin-motion--var(--position) e-con e-child\" data-id=\"5b1d7080\" data-element_type=\"container\" data-e-type=\"container\">\n\t\t\t\t<\/div>\n\t\t<div class=\"elementor-element elementor-element-18d0e7e7 e-con-full e-flex glozin-responsive-column glozin-tablet-column--default glozin-responsive-column glozin-mobile-column--default glozin-responsive-column glozin-motion--var(--position) e-con e-child\" data-id=\"18d0e7e7\" data-element_type=\"container\" data-e-type=\"container\">\n\t\t\t\t<div class=\"elementor-element elementor-element-3ee8fb38 elementor-widget elementor-widget-text-editor\" data-id=\"3ee8fb38\" data-element_type=\"widget\" data-e-type=\"widget\" data-widget_type=\"text-editor.default\">\n\t\t\t\t\t\t\t\t\t<p data-start=\"73\" data-end=\"346\">La pr\u00e9sente Politique de confidentialit\u00e9 explique comment <strong data-start=\"106\" data-end=\"130\">Academia NeuEra S\u00e0rl<\/strong> (\u00ab <strong data-start=\"133\" data-end=\"152\">Academia NeuEra<\/strong> \u00bb, \u00ab <strong data-start=\"156\" data-end=\"162\">nous<\/strong> \u00bb, \u00ab <strong data-start=\"166\" data-end=\"172\">notre<\/strong> \u00bb, \u00ab <strong data-start=\"176\" data-end=\"183\">nos<\/strong> \u00bb) collecte, utilise, partage et prot\u00e8ge les donn\u00e9es personnelles lorsque vous visitez ou effectuez un achat sur <strong data-start=\"274\" data-end=\"294\">shop.qbiohacking.com<\/strong> (le \u00ab <strong data-start=\"301\" data-end=\"312\">Site<\/strong> \u00bb), ou que vous interagissez avec nous d&rsquo;une autre mani\u00e8re.<\/p><p data-start=\"348\" data-end=\"767\"><strong data-start=\"348\" data-end=\"401\">Responsable du traitement (responsable des donn\u00e9es \/ entit\u00e9 responsable)<\/strong><br data-start=\"401\" data-end=\"404\">Academia NeuEra S\u00e0rl, soci\u00e9t\u00e9 \u00e0 responsabilit\u00e9 limit\u00e9e d\u00fbment constitu\u00e9e et existant en vertu des lois suisses, enregistr\u00e9e sous le num\u00e9ro de soci\u00e9t\u00e9 <strong data-start=\"555\" data-end=\"577\">CH-621.4.011.820-5<\/strong>, avec l&rsquo;UID de soci\u00e9t\u00e9 <strong data-start=\"596\" data-end=\"615\">CHE-484.180.312<\/strong>, ayant son si\u00e8ge social \u00e0 <strong data-start=\"649\" data-end=\"727\">c\/o Fran\u00e7ois Roux, Chemin de la Lunaire 20, 1934 Le Ch\u00e2ble VS, Suisse<\/strong>, repr\u00e9sent\u00e9e par <strong data-start=\"744\" data-end=\"766\">Nicolas Desjardins<\/strong>.<\/p><h2 data-start=\"774\" data-end=\"785\">1) Champ d&rsquo;application<\/h2><p data-start=\"787\" data-end=\"971\">La pr\u00e9sente Politique de confidentialit\u00e9 s&rsquo;applique aux donn\u00e9es personnelles trait\u00e9es par l&rsquo;interm\u00e9diaire du Site et des services associ\u00e9s (y compris le paiement, le service client, les communications marketing et l&rsquo;ex\u00e9cution des commandes).<\/p><h2 data-start=\"978\" data-end=\"1008\">2) Donn\u00e9es personnelles que nous collectons<\/h2><p data-start=\"1010\" data-end=\"1063\">Nous collectons des donn\u00e9es personnelles dans les cat\u00e9gories suivantes :<\/p><h3 data-start=\"1065\" data-end=\"1097\">A. Donn\u00e9es que vous fournissez directement<\/h3><ul data-start=\"1098\" data-end=\"1541\"><li data-start=\"1098\" data-end=\"1180\"><p data-start=\"1100\" data-end=\"1180\"><strong data-start=\"1100\" data-end=\"1128\">Donn\u00e9es d&rsquo;identit\u00e9 et de contact :<\/strong> pr\u00e9nom et nom, adresse \u00e9lectronique, num\u00e9ro de t\u00e9l\u00e9phone.<\/p><\/li><li data-start=\"1181\" data-end=\"1248\"><p data-start=\"1183\" data-end=\"1248\"><strong data-start=\"1183\" data-end=\"1211\">Donn\u00e9es de livraison \/ facturation :<\/strong> adresse de livraison, adresse de facturation.<\/p><\/li><li data-start=\"1249\" data-end=\"1382\"><p data-start=\"1251\" data-end=\"1382\"><strong data-start=\"1251\" data-end=\"1284\">Donn\u00e9es de compte (le cas \u00e9ch\u00e9ant) :<\/strong> identifiants de connexion et informations de profil (selon qu&rsquo;une fonctionnalit\u00e9 de compte est propos\u00e9e).<\/p><\/li><li data-start=\"1383\" data-end=\"1541\"><p data-start=\"1385\" data-end=\"1541\"><strong data-start=\"1385\" data-end=\"1418\">Donn\u00e9es de commande et de communication :<\/strong> articles achet\u00e9s, notes de commande, messages du service client, demandes de retour\/remboursement et autres communications que vous nous adressez.<\/p><\/li><\/ul><h3 data-start=\"1543\" data-end=\"1578\">B. Donn\u00e9es collect\u00e9es automatiquement<\/h3><p data-start=\"1579\" data-end=\"1661\">Lorsque vous naviguez sur le Site, certaines donn\u00e9es peuvent \u00eatre collect\u00e9es automatiquement, telles que :<\/p><ul data-start=\"1662\" data-end=\"1927\"><li data-start=\"1662\" data-end=\"1772\"><p data-start=\"1664\" data-end=\"1772\"><strong data-start=\"1664\" data-end=\"1694\">Donn\u00e9es relatives \u00e0 l&rsquo;appareil et donn\u00e9es techniques :<\/strong> adresse IP, type d&rsquo;appareil, type de navigateur, syst\u00e8me d&rsquo;exploitation, param\u00e8tres de langue.<\/p><\/li><li data-start=\"1773\" data-end=\"1872\"><p data-start=\"1775\" data-end=\"1872\"><strong data-start=\"1775\" data-end=\"1790\">Donn\u00e9es d&rsquo;utilisation :<\/strong> pages consult\u00e9es, clics, temps pass\u00e9, pages de r\u00e9f\u00e9rence et autres comportements de navigation.<\/p><\/li><li data-start=\"1873\" data-end=\"1927\"><p data-start=\"1875\" data-end=\"1927\"><strong data-start=\"1875\" data-end=\"1912\">Cookies et technologies similaires :<\/strong> voir la section 9.<\/p><\/li><\/ul><h3 data-start=\"1929\" data-end=\"1948\">C. Donn\u00e9es de paiement<\/h3><p data-start=\"1949\" data-end=\"2239\">Nous ne stockons g\u00e9n\u00e9ralement <strong data-start=\"1955\" data-end=\"1962\">pas<\/strong> les coordonn\u00e9es compl\u00e8tes de la carte de paiement. Les transactions de paiement sont g\u00e9n\u00e9ralement trait\u00e9es par des <strong data-start=\"2052\" data-end=\"2081\">prestataires de services de paiement<\/strong> (PSP). Selon le PSP, nous pouvons recevoir des informations limit\u00e9es telles que le statut du paiement, l&rsquo;identifiant de transaction et des donn\u00e9es partielles de carte (par exemple, les 4 derniers chiffres).  <\/p><h2 data-start=\"2246\" data-end=\"2283\">3) Pourquoi nous utilisons vos donn\u00e9es (finalit\u00e9s)<\/h2><p data-start=\"2285\" data-end=\"2338\">Nous utilisons vos donn\u00e9es personnelles aux fins suivantes :<\/p><ol data-start=\"2340\" data-end=\"3339\"><li data-start=\"2340\" data-end=\"2507\"><p data-start=\"2343\" data-end=\"2381\"><strong data-start=\"2343\" data-end=\"2381\">Pour traiter et livrer vos commandes<\/strong><\/p><ul data-start=\"2385\" data-end=\"2507\"><li data-start=\"2385\" data-end=\"2507\"><p data-start=\"2387\" data-end=\"2507\">confirmer les commandes, traiter le paiement, pr\u00e9parer les exp\u00e9ditions, livrer les produits, g\u00e9rer les retours\/remboursements et fournir des mises \u00e0 jour de commande.<\/p><\/li><\/ul><\/li><li data-start=\"2509\" data-end=\"2633\"><p data-start=\"2512\" data-end=\"2543\"><strong data-start=\"2512\" data-end=\"2543\">Pour fournir un service client<\/strong><\/p><ul data-start=\"2547\" data-end=\"2633\"><li data-start=\"2547\" data-end=\"2633\"><p data-start=\"2549\" data-end=\"2633\">r\u00e9pondre aux demandes, r\u00e9soudre les probl\u00e8mes et g\u00e9rer les demandes de garantie\/apr\u00e8s-vente.<\/p><\/li><\/ul><\/li><li data-start=\"2635\" data-end=\"2796\"><p data-start=\"2638\" data-end=\"2685\"><strong data-start=\"2638\" data-end=\"2685\">Pour exploiter, s\u00e9curiser et am\u00e9liorer le Site<\/strong><\/p><ul data-start=\"2689\" data-end=\"2796\"><li data-start=\"2689\" data-end=\"2796\"><p data-start=\"2691\" data-end=\"2796\">maintenir la fonctionnalit\u00e9, pr\u00e9venir la fraude et les abus, corriger les erreurs, analyser les performances et am\u00e9liorer l&rsquo;exp\u00e9rience utilisateur.<\/p><\/li><\/ul><\/li><li data-start=\"2798\" data-end=\"2957\"><p data-start=\"2801\" data-end=\"2828\"><strong data-start=\"2801\" data-end=\"2828\">Pour communiquer avec vous<\/strong><\/p><ul data-start=\"2832\" data-end=\"2957\"><li data-start=\"2832\" data-end=\"2957\"><p data-start=\"2834\" data-end=\"2957\">messages transactionnels (confirmations de commande, mises \u00e0 jour d&rsquo;exp\u00e9dition), annonces de service et communications du service client.<\/p><\/li><\/ul><\/li><li data-start=\"2959\" data-end=\"3197\"><p data-start=\"2962\" data-end=\"2993\"><strong data-start=\"2962\" data-end=\"2993\">Marketing (lorsque cela est autoris\u00e9)<\/strong><\/p><ul data-start=\"2997\" data-end=\"3197\"><li data-start=\"2997\" data-end=\"3197\"><p data-start=\"2999\" data-end=\"3197\">envoyer des bulletins d&rsquo;information et des messages promotionnels lorsque vous y avez consenti ou lorsque nous disposons d&rsquo;une autre base l\u00e9gale ; afficher des publicit\u00e9s pertinentes ou mesurer les performances publicitaires (sous r\u00e9serve de vos choix et de la l\u00e9gislation applicable).<\/p><\/li><\/ul><\/li><li data-start=\"3199\" data-end=\"3339\"><p data-start=\"3202\" data-end=\"3226\"><strong data-start=\"3202\" data-end=\"3226\">Obligations l\u00e9gales et conformit\u00e9<\/strong><\/p><ul data-start=\"3230\" data-end=\"3339\"><li data-start=\"3230\" data-end=\"3339\"><p data-start=\"3232\" data-end=\"3339\">respecter les obligations l\u00e9gales (comptabilit\u00e9, fiscalit\u00e9, droit de la consommation), r\u00e9pondre aux demandes l\u00e9gales et prot\u00e9ger nos droits.<\/p><\/li><\/ul><\/li><\/ol><h2 data-start=\"3346\" data-end=\"3404\">4) Bases l\u00e9gales du traitement (transparence de type RGPD)<\/h2><p data-start=\"3406\" data-end=\"3499\">Le cas \u00e9ch\u00e9ant (par exemple, pour les personnes dans l&rsquo;EEE\/Royaume-Uni), nous nous appuyons sur les bases l\u00e9gales suivantes :<\/p><ul data-start=\"3500\" data-end=\"4032\"><li data-start=\"3500\" data-end=\"3598\"><p data-start=\"3502\" data-end=\"3598\"><strong data-start=\"3502\" data-end=\"3515\">Contrat :<\/strong> traitement n\u00e9cessaire \u00e0 l&rsquo;ex\u00e9cution d&rsquo;un contrat avec vous (par exemple, l&rsquo;ex\u00e9cution d&rsquo;une commande).<\/p><\/li><li data-start=\"3599\" data-end=\"3698\"><p data-start=\"3601\" data-end=\"3698\"><strong data-start=\"3601\" data-end=\"3622\">Obligation l\u00e9gale :<\/strong> respect des obligations l\u00e9gales (fiscalit\u00e9, comptabilit\u00e9, protection des consommateurs).<\/p><\/li><li data-start=\"3699\" data-end=\"3890\"><p data-start=\"3701\" data-end=\"3890\"><strong data-start=\"3701\" data-end=\"3726\">Int\u00e9r\u00eats l\u00e9gitimes :<\/strong> exploitation et am\u00e9lioration de notre activit\u00e9, pr\u00e9vention de la fraude, s\u00e9curisation du Site et fourniture d&rsquo;un service client efficace \u2014 en \u00e9quilibre avec vos droits et libert\u00e9s.<\/p><\/li><li data-start=\"3891\" data-end=\"4032\"><p data-start=\"3893\" data-end=\"4032\"><strong data-start=\"3893\" data-end=\"3905\">Consentement :<\/strong> pour certains cookies et communications marketing lorsque cela est requis ; vous pouvez retirer votre consentement \u00e0 tout moment (voir les sections 9 et 10).<\/p><\/li><\/ul><h2 data-start=\"4039\" data-end=\"4072\">5) Avec qui nous partageons vos donn\u00e9es<\/h2><p data-start=\"4074\" data-end=\"4180\">Nous pouvons partager des donn\u00e9es personnelles avec des tiers de confiance uniquement dans la mesure n\u00e9cessaire aux fins d\u00e9crites ci-dessus, notamment :<\/p><ul data-start=\"4182\" data-end=\"4652\"><li data-start=\"4182\" data-end=\"4244\"><p data-start=\"4184\" data-end=\"4244\"><strong data-start=\"4184\" data-end=\"4220\">Prestataires de livraison et de logistique<\/strong> (pour exp\u00e9dier votre commande).<\/p><\/li><li data-start=\"4245\" data-end=\"4301\"><p data-start=\"4247\" data-end=\"4301\"><strong data-start=\"4247\" data-end=\"4276\">Prestataires de services de paiement<\/strong> (pour traiter les paiements).<\/p><\/li><li data-start=\"4302\" data-end=\"4407\"><p data-start=\"4304\" data-end=\"4407\"><strong data-start=\"4304\" data-end=\"4343\">Prestataires de services de commerce \u00e9lectronique et informatiques<\/strong> (h\u00e9bergement, plateforme de site web, analyses, outils de diffusion d&rsquo;e-mails).<\/p><\/li><li data-start=\"4408\" data-end=\"4481\"><p data-start=\"4410\" data-end=\"4481\"><strong data-start=\"4410\" data-end=\"4436\">Outils de service client<\/strong> (syst\u00e8mes de billetterie, outils de communication).<\/p><\/li><li data-start=\"4482\" data-end=\"4558\"><p data-start=\"4484\" data-end=\"4558\"><strong data-start=\"4484\" data-end=\"4509\">Conseillers professionnels<\/strong> (juridiques, comptables, auditeurs) si n\u00e9cessaire.<\/p><\/li><li data-start=\"4559\" data-end=\"4652\"><p data-start=\"4561\" data-end=\"4652\"><strong data-start=\"4561\" data-end=\"4598\">Autorit\u00e9s \/ r\u00e9gulateurs \/ tribunaux<\/strong> lorsque la loi l&rsquo;exige ou pour prot\u00e9ger nos droits l\u00e9gaux.<\/p><\/li><\/ul><p data-start=\"4654\" data-end=\"4862\">Nous ne vendons pas vos donn\u00e9es personnelles au sens commercial ordinaire. Si votre juridiction d\u00e9finit la \u00ab vente \u00bb ou le \u00ab partage \u00bb de mani\u00e8re large (par exemple, dans certains contextes de technologie publicitaire), vous pouvez disposer de droits d&rsquo;opposition \u2014 voir la section 10. <\/p><h2 data-start=\"4869\" data-end=\"4898\">6) Transferts internationaux<\/h2><p data-start=\"4900\" data-end=\"5230\">Vos donn\u00e9es personnelles peuvent \u00eatre trait\u00e9es en Suisse et peuvent \u00eatre transf\u00e9r\u00e9es vers d&rsquo;autres pays o\u00f9 nos prestataires de services op\u00e8rent. Lorsque les transferts concernent des pays qui peuvent ne pas offrir un niveau de protection \u00e9quivalent, nous utilisons des garanties appropri\u00e9es (telles que des protections contractuelles) conform\u00e9ment aux lois applicables en mati\u00e8re de protection des donn\u00e9es. <\/p><h2 data-start=\"5237\" data-end=\"5257\">7) Conservation des donn\u00e9es<\/h2><p data-start=\"5259\" data-end=\"5370\">Nous conservons les donn\u00e9es personnelles uniquement aussi longtemps que n\u00e9cessaire aux fins d\u00e9crites dans la pr\u00e9sente Politique de confidentialit\u00e9, notamment :<\/p><ul data-start=\"5371\" data-end=\"5841\"><li data-start=\"5371\" data-end=\"5476\"><p data-start=\"5373\" data-end=\"5476\"><strong data-start=\"5373\" data-end=\"5406\">Dossiers de commande et de comptabilit\u00e9 :<\/strong> conserv\u00e9s pendant la p\u00e9riode requise par les lois fiscales\/comptables applicables.<\/p><\/li><li data-start=\"5477\" data-end=\"5590\"><p data-start=\"5479\" data-end=\"5590\"><strong data-start=\"5479\" data-end=\"5508\">Dossiers du service client :<\/strong> conserv\u00e9s selon les besoins pour traiter votre demande et \u00e0 des fins de suivi ou juridiques.<\/p><\/li><li data-start=\"5591\" data-end=\"5743\"><p data-start=\"5593\" data-end=\"5743\"><strong data-start=\"5593\" data-end=\"5612\">Donn\u00e9es marketing :<\/strong> conserv\u00e9es jusqu&rsquo;\u00e0 ce que vous vous d\u00e9sinscriviez ou vous y opposiez, et par la suite selon les besoins pour maintenir une liste de suppression (afin de respecter vos pr\u00e9f\u00e9rences).<\/p><\/li><li data-start=\"5744\" data-end=\"5841\"><p data-start=\"5746\" data-end=\"5841\"><strong data-start=\"5746\" data-end=\"5772\">Analyses et cookies :<\/strong> conserv\u00e9s selon la dur\u00e9e de vie et les param\u00e8tres des cookies (voir la section 9).<\/p><\/li><\/ul><h2 data-start=\"5848\" data-end=\"5862\">8) S\u00e9curit\u00e9<\/h2><p data-start=\"5864\" data-end=\"6126\">Nous mettons en \u0153uvre des mesures administratives, techniques et organisationnelles raisonnables con\u00e7ues pour prot\u00e9ger les donn\u00e9es personnelles contre l&rsquo;acc\u00e8s, la modification, la divulgation ou la destruction non autoris\u00e9s. Toutefois, aucun service en ligne n&rsquo;est s\u00e9curis\u00e9 \u00e0 100 % ; vous utilisez le Site \u00e0 vos propres risques. <\/p><h2 data-start=\"6133\" data-end=\"6171\">9) Cookies et technologies similaires<\/h2><p data-start=\"6173\" data-end=\"6345\">Nous utilisons des cookies et des technologies similaires pour exploiter le Site, m\u00e9moriser les pr\u00e9f\u00e9rences, activer les fonctions essentielles (telles que le paiement) et comprendre comment le Site est utilis\u00e9.<\/p><p data-start=\"6347\" data-end=\"6367\">Les cookies peuvent inclure :<\/p><ul data-start=\"6368\" data-end=\"6681\"><li data-start=\"6368\" data-end=\"6449\"><p data-start=\"6370\" data-end=\"6449\"><strong data-start=\"6370\" data-end=\"6401\">Cookies strictement n\u00e9cessaires :<\/strong> requis pour les fonctionnalit\u00e9s de base et la s\u00e9curit\u00e9.<\/p><\/li><li data-start=\"6450\" data-end=\"6501\"><p data-start=\"6452\" data-end=\"6501\"><strong data-start=\"6452\" data-end=\"6475\">Cookies de pr\u00e9f\u00e9rence :<\/strong> m\u00e9morisent vos param\u00e8tres.<\/p><\/li><li data-start=\"6502\" data-end=\"6586\"><p data-start=\"6504\" data-end=\"6586\"><strong data-start=\"6504\" data-end=\"6526\">Cookies d&rsquo;analyse :<\/strong> nous aident \u00e0 comprendre l&rsquo;utilisation du Site et \u00e0 am\u00e9liorer les performances.<\/p><\/li><li data-start=\"6587\" data-end=\"6681\"><p data-start=\"6589\" data-end=\"6681\"><strong data-start=\"6589\" data-end=\"6611\">Cookies marketing :<\/strong> aident \u00e0 diffuser ou \u00e0 mesurer la publicit\u00e9 (lorsqu&rsquo;ils sont utilis\u00e9s et lorsque cela est autoris\u00e9).<\/p><\/li><\/ul><p data-start=\"6683\" data-end=\"6890\"><strong data-start=\"6683\" data-end=\"6700\">Vos choix :<\/strong> Vous pouvez g\u00e9rer les pr\u00e9f\u00e9rences de cookies via les param\u00e8tres de votre navigateur et, le cas \u00e9ch\u00e9ant, via les outils de consentement aux cookies sur le Site. Le blocage de certains cookies peut affecter la fonctionnalit\u00e9 du Site. <\/p><h2 data-start=\"6897\" data-end=\"6927\">10) Vos droits et choix<\/h2><p data-start=\"6929\" data-end=\"6986\">Selon votre lieu de r\u00e9sidence, vous pouvez disposer de droits tels que :<\/p><ul data-start=\"6987\" data-end=\"7437\"><li data-start=\"6987\" data-end=\"7023\"><p data-start=\"6989\" data-end=\"7023\"><strong data-start=\"6989\" data-end=\"6999\">Acc\u00e8s<\/strong> \u00e0 vos donn\u00e9es personnelles<\/p><\/li><li data-start=\"7024\" data-end=\"7061\"><p data-start=\"7026\" data-end=\"7061\"><strong data-start=\"7026\" data-end=\"7040\">Rectification<\/strong> des donn\u00e9es inexactes<\/p><\/li><li data-start=\"7062\" data-end=\"7097\"><p data-start=\"7064\" data-end=\"7097\"><strong data-start=\"7064\" data-end=\"7076\">Suppression<\/strong> (dans certains cas)<\/p><\/li><li data-start=\"7098\" data-end=\"7150\"><p data-start=\"7100\" data-end=\"7150\"><strong data-start=\"7100\" data-end=\"7115\">Limitation<\/strong> du traitement (dans certains cas)<\/p><\/li><li data-start=\"7151\" data-end=\"7246\"><p data-start=\"7153\" data-end=\"7246\"><strong data-start=\"7153\" data-end=\"7166\">Opposition<\/strong> au traitement (notamment pour le marketing direct et certains int\u00e9r\u00eats l\u00e9gitimes)<\/p><\/li><li data-start=\"7247\" data-end=\"7290\"><p data-start=\"7249\" data-end=\"7290\"><strong data-start=\"7249\" data-end=\"7269\">Portabilit\u00e9 des donn\u00e9es<\/strong> (dans certains cas)<\/p><\/li><li data-start=\"7291\" data-end=\"7354\"><p data-start=\"7293\" data-end=\"7354\"><strong data-start=\"7293\" data-end=\"7313\">Retrait du consentement<\/strong> (lorsque le traitement est fond\u00e9 sur le consentement)<\/p><\/li><li data-start=\"7355\" data-end=\"7437\"><p data-start=\"7357\" data-end=\"7437\"><strong data-start=\"7357\" data-end=\"7382\">D\u00e9sinscription du marketing :<\/strong> vous pouvez vous d\u00e9sinscrire via les liens dans les e-mails ou nous contacter.<\/p><\/li><\/ul><p data-start=\"7439\" data-end=\"7559\">Pour exercer vos droits, contactez-nous en utilisant les coordonn\u00e9es de la section 13. Nous pouvons demander des informations pour v\u00e9rifier votre identit\u00e9. <\/p><p data-start=\"7561\" data-end=\"7678\">Si vous vous trouvez dans l&rsquo;EEE\/Royaume-Uni, vous pouvez \u00e9galement avoir le droit de d\u00e9poser une plainte aupr\u00e8s de votre autorit\u00e9 locale de protection des donn\u00e9es.<\/p><h2 data-start=\"7685\" data-end=\"7700\">11) Enfants<\/h2><p data-start=\"7702\" data-end=\"7907\">Le Site n&rsquo;est pas destin\u00e9 aux enfants. Nous ne collectons pas sciemment de donn\u00e9es personnelles aupr\u00e8s d&rsquo;enfants. Si vous pensez qu&rsquo;un enfant nous a fourni des donn\u00e9es personnelles, veuillez nous contacter afin que nous puissions prendre les mesures appropri\u00e9es.  <\/p><h2 data-start=\"7914\" data-end=\"7938\">12) Liens vers des tiers<\/h2><p data-start=\"7940\" data-end=\"8158\">Le Site peut contenir des liens vers des sites web ou des services tiers. Nous ne sommes pas responsables des pratiques de confidentialit\u00e9 de ces tiers. Veuillez consulter leurs politiques de confidentialit\u00e9 avant de leur fournir vos donn\u00e9es personnelles.  <\/p><h2 data-start=\"8165\" data-end=\"8179\">13) Contact<\/h2><p data-start=\"8181\" data-end=\"8232\">Pour toute question ou demande relative \u00e0 la confidentialit\u00e9, contactez :<\/p><p data-start=\"8234\" data-end=\"8376\"><strong data-start=\"8234\" data-end=\"8258\">Academia NeuEra S\u00e0rl<\/strong><br data-start=\"8258\" data-end=\"8261\">c\/o Fran\u00e7ois Roux, Chemin de la Lunaire 20, 1934 Le Ch\u00e2ble VS, Suisse<br data-start=\"8335\" data-end=\"8338\"><strong data-start=\"8338\" data-end=\"8357\">Repr\u00e9sent\u00e9e par :<\/strong> Nicolas Desjardins<\/p><p data-start=\"8378\" data-end=\"8489\">(Si vous le souhaitez, je peux \u00e9galement formater cette section pour inclure une adresse \u00e9lectronique d\u00e9di\u00e9e \u00e0 la confidentialit\u00e9 une fois que vous l&rsquo;aurez fournie.)<\/p><h2 data-start=\"8496\" data-end=\"8533\">14) Modifications de la pr\u00e9sente Politique de confidentialit\u00e9<\/h2><p data-start=\"8535\" data-end=\"8713\">Nous pouvons mettre \u00e0 jour la pr\u00e9sente Politique de confidentialit\u00e9 de temps \u00e0 autre. La date \u00ab Derni\u00e8re mise \u00e0 jour \u00bb en haut indique quand elle a \u00e9t\u00e9 r\u00e9vis\u00e9e pour la derni\u00e8re fois. Les modifications prennent effet lors de leur publication sur cette page.  <\/p>\t\t\t\t\t\t\t\t<\/div>\n\t\t\t\t<\/div>\n\t\t<div class=\"elementor-element elementor-element-7f1f66a2 e-con-full e-flex glozin-responsive-column glozin-tablet-column--default glozin-responsive-column glozin-mobile-column--default glozin-responsive-column glozin-motion--var(--position) e-con e-child\" data-id=\"7f1f66a2\" data-element_type=\"container\" data-e-type=\"container\">\n\t\t\t\t<\/div>\n\t\t\t\t\t<\/div>\n\t\t\t\t<\/div>\n\t\t\t\t<\/div>\n\t\t","protected":false},"excerpt":{"rendered":"<p>La pr\u00e9sente Politique de confidentialit\u00e9 explique comment Academia NeuEra S\u00e0rl (\u00ab Academia NeuEra \u00bb, \u00ab nous \u00bb, \u00ab notre \u00bb, \u00ab nos \u00bb) collecte, utilise, partage et prot\u00e8ge les donn\u00e9es personnelles lorsque vous visitez ou effectuez un achat sur shop.qbiohacking.com (le \u00ab Site \u00bb), ou que vous interagissez avec nous d&rsquo;une autre mani\u00e8re. Responsable du [&hellip;]<\/p>\n","protected":false},"author":1,"featured_media":0,"parent":0,"menu_order":0,"comment_status":"closed","ping_status":"open","template":"","meta":{"footnotes":""},"class_list":["post-1001044","page","type-page","status-publish","hentry"],"_hostinger_reach_plugin_has_subscription_block":false,"_hostinger_reach_plugin_is_elementor":false,"_links":{"self":[{"href":"https:\/\/shop.qbiohacking.com\/fr\/wp-json\/wp\/v2\/pages\/1001044","targetHints":{"allow":["GET"]}}],"collection":[{"href":"https:\/\/shop.qbiohacking.com\/fr\/wp-json\/wp\/v2\/pages"}],"about":[{"href":"https:\/\/shop.qbiohacking.com\/fr\/wp-json\/wp\/v2\/types\/page"}],"author":[{"embeddable":true,"href":"https:\/\/shop.qbiohacking.com\/fr\/wp-json\/wp\/v2\/users\/1"}],"replies":[{"embeddable":true,"href":"https:\/\/shop.qbiohacking.com\/fr\/wp-json\/wp\/v2\/comments?post=1001044"}],"version-history":[{"count":1,"href":"https:\/\/shop.qbiohacking.com\/fr\/wp-json\/wp\/v2\/pages\/1001044\/revisions"}],"predecessor-version":[{"id":1001045,"href":"https:\/\/shop.qbiohacking.com\/fr\/wp-json\/wp\/v2\/pages\/1001044\/revisions\/1001045"}],"wp:attachment":[{"href":"https:\/\/shop.qbiohacking.com\/fr\/wp-json\/wp\/v2\/media?parent=1001044"}],"curies":[{"name":"wp","href":"https:\/\/api.w.org\/{rel}","templated":true}]}}